{"id":369,"date":"2020-07-10T11:55:49","date_gmt":"2020-07-10T16:55:49","guid":{"rendered":"http:\/\/localhost\/crtmv3\/?page_id=369"},"modified":"2020-07-15T16:09:15","modified_gmt":"2020-07-15T21:09:15","slug":"369-2","status":"publish","type":"page","link":"https:\/\/www.crtmdelpacifico.org\/cvac\/369-2\/","title":{"rendered":"Misi\u00f3n"},"content":{"rendered":"\n<img decoding=\"async\" src=\"..\/media\/organizacion.gif\" class=\"d-block mx-auto\">\n\n\n\n<p>La Misi\u00f3n del Centro Red Tecnol\u00f3gico Metalmec\u00e1nico es propiciar el aumento de la Competitividad, de las empresas de la cadena sider\u00fargica, metalmec\u00e1nica, bienes de capital y automotriz del pa\u00eds, apoyando los procesos de reconversi\u00f3n y modernizaci\u00f3n industrial mediante la prestaci\u00f3n directa o la articulaci\u00f3n con otras fuentes de tecnolog\u00eda, de servicios de capacitaci\u00f3n y desarrollo de los recursos humanos, asesor\u00eda, asistencia t\u00e9cnica, pruebas y ensayos, informaci\u00f3n t\u00e9cnica, promoci\u00f3n y ejecuci\u00f3n de proyectos de Innovaci\u00f3n y desarrollo tecnol\u00f3gico.<\/p>\n","protected":false},"excerpt":{"rendered":"<p><img decoding=\"async\" src=\"..\/media\/organizacion.gif\" class=\"d-block mx-auto\"><\/p>\n<p>La Misi\u00f3n del Centro Red Tecnol\u00f3gico Metalmec\u00e1nico es propiciar el aumento de la Competitividad, de las empresas de la cadena sider\u00fargica, metalmec\u00e1nica, bienes de capital y automotriz del pa\u00eds, apoyando los procesos de reconversi\u00f3n y modernizaci\u00f3n industrial mediante la prestaci\u00f3n directa o la articulaci\u00f3n con otras fuentes de tecnolog\u00eda, de servicios de capacitaci\u00f3n y desarrollo de los recursos humanos, asesor\u00eda, asistencia t\u00e9cnica, pruebas y ensayos, informaci\u00f3n t\u00e9cnica, promoci\u00f3n y ejecuci\u00f3n de proyectos de Innovaci\u00f3n y desarrollo [&#8230;]<\/p>\n","protected":false},"author":1,"featured_media":0,"parent":0,"menu_order":0,"comment_status":"closed","ping_status":"closed","template":"","meta":{"footnotes":""},"class_list":["post-369","page","type-page","status-publish","hentry"],"_links":{"self":[{"href":"https:\/\/www.crtmdelpacifico.org\/cvac\/wp-json\/wp\/v2\/pages\/369","targetHints":{"allow":["GET"]}}],"collection":[{"href":"https:\/\/www.crtmdelpacifico.org\/cvac\/wp-json\/wp\/v2\/pages"}],"about":[{"href":"https:\/\/www.crtmdelpacifico.org\/cvac\/wp-json\/wp\/v2\/types\/page"}],"author":[{"embeddable":true,"href":"https:\/\/www.crtmdelpacifico.org\/cvac\/wp-json\/wp\/v2\/users\/1"}],"replies":[{"embeddable":true,"href":"https:\/\/www.crtmdelpacifico.org\/cvac\/wp-json\/wp\/v2\/comments?post=369"}],"version-history":[{"count":3,"href":"https:\/\/www.crtmdelpacifico.org\/cvac\/wp-json\/wp\/v2\/pages\/369\/revisions"}],"predecessor-version":[{"id":585,"href":"https:\/\/www.crtmdelpacifico.org\/cvac\/wp-json\/wp\/v2\/pages\/369\/revisions\/585"}],"wp:attachment":[{"href":"https:\/\/www.crtmdelpacifico.org\/cvac\/wp-json\/wp\/v2\/media?parent=369"}],"curies":[{"name":"wp","href":"https:\/\/api.w.org\/{rel}","templated":true}]}}