{"id":366,"date":"2020-07-10T11:50:51","date_gmt":"2020-07-10T16:50:51","guid":{"rendered":"http:\/\/localhost\/crtmv3\/?page_id=366"},"modified":"2020-07-13T09:21:44","modified_gmt":"2020-07-13T14:21:44","slug":"vision","status":"publish","type":"page","link":"https:\/\/www.crtmdelpacifico.org\/cvac\/vision\/","title":{"rendered":"Visi\u00f3n"},"content":{"rendered":"\n<img decoding=\"async\" src=\"..\/media\/colage.jpg\" class=\"d-block mx-auto\">\n\n\n\n<p>Propiciar el aumento de la Competitividad de las empresas de la cadena Sider\u00fargica, Metalmec\u00e1nica, Bienes de Capital y Automotriz del Pa\u00eds y de la Industria Manufacturera en general, mediante la prestaci\u00f3n directa o la articulaci\u00f3n con otras fuentes de Tecnolog\u00eda, de Servicios de Caracterizaci\u00f3n Tecnol\u00edgica de Empresas, Medici\u00f3n y Monitoreo de \u00edndices de Productividad y Competitividad, conducci\u00f3n de planes de mejoramiento productivo y competitivo, realizaci\u00f3n de misiones tecnol\u00f3gicas industriales, formulaci\u00f3n y ejecuci\u00f3n de proyectos de innovaci\u00f3n y desarrollo, auditorias tecnol\u00f3gicas , planes de capacitaci\u00f3n t\u00e9cnica nacional e internacional , sistemas de orientaci\u00f3n tecnol\u00f3gica, planes de aseguramiento y certificaci\u00f3n de calidad seg\u00fan Normas ISO 9001 y otras , protocolizaci\u00f3n de Alianzas estrat\u00e9gicas Nacionales e Internacionales.<\/p>\n","protected":false},"excerpt":{"rendered":"<p><img decoding=\"async\" src=\"..\/media\/colage.jpg\" class=\"d-block mx-auto\"><\/p>\n<p>Propiciar el aumento de la Competitividad de las empresas de la cadena Sider\u00fargica, Metalmec\u00e1nica, Bienes de Capital y Automotriz del Pa\u00eds y de la Industria Manufacturera en general, mediante la prestaci\u00f3n directa o la articulaci\u00f3n con otras fuentes de Tecnolog\u00eda, de Servicios de Caracterizaci\u00f3n Tecnol\u00edgica de Empresas, Medici\u00f3n y Monitoreo de \u00edndices de Productividad y Competitividad, conducci\u00f3n de planes de mejoramiento productivo y competitivo, realizaci\u00f3n de misiones tecnol\u00f3gicas industriales, formulaci\u00f3n y ejecuci\u00f3n de proyectos de innovaci\u00f3n [&#8230;]<\/p>\n","protected":false},"author":1,"featured_media":0,"parent":0,"menu_order":0,"comment_status":"closed","ping_status":"closed","template":"","meta":{"footnotes":""},"class_list":["post-366","page","type-page","status-publish","hentry"],"_links":{"self":[{"href":"https:\/\/www.crtmdelpacifico.org\/cvac\/wp-json\/wp\/v2\/pages\/366","targetHints":{"allow":["GET"]}}],"collection":[{"href":"https:\/\/www.crtmdelpacifico.org\/cvac\/wp-json\/wp\/v2\/pages"}],"about":[{"href":"https:\/\/www.crtmdelpacifico.org\/cvac\/wp-json\/wp\/v2\/types\/page"}],"author":[{"embeddable":true,"href":"https:\/\/www.crtmdelpacifico.org\/cvac\/wp-json\/wp\/v2\/users\/1"}],"replies":[{"embeddable":true,"href":"https:\/\/www.crtmdelpacifico.org\/cvac\/wp-json\/wp\/v2\/comments?post=366"}],"version-history":[{"count":3,"href":"https:\/\/www.crtmdelpacifico.org\/cvac\/wp-json\/wp\/v2\/pages\/366\/revisions"}],"predecessor-version":[{"id":575,"href":"https:\/\/www.crtmdelpacifico.org\/cvac\/wp-json\/wp\/v2\/pages\/366\/revisions\/575"}],"wp:attachment":[{"href":"https:\/\/www.crtmdelpacifico.org\/cvac\/wp-json\/wp\/v2\/media?parent=366"}],"curies":[{"name":"wp","href":"https:\/\/api.w.org\/{rel}","templated":true}]}}